{"id":2545,"date":"2024-10-01T15:00:03","date_gmt":"2024-10-01T13:00:03","guid":{"rendered":"https:\/\/ilmiotagliere.it\/?post_type=product&#038;p=2545"},"modified":"2024-12-11T17:40:27","modified_gmt":"2024-12-11T16:40:27","slug":"quadrato-blu","status":"publish","type":"product","link":"https:\/\/ilmiotagliere.it\/de\/product\/quadrato-blu\/","title":{"rendered":"Blaues Quadrat"},"content":{"rendered":"","protected":false},"excerpt":{"rendered":"<p>Es wird zum Schneiden von Lebensmitteln wie Fisch und Meeresfr\u00fcchten verwendet.<\/p>\n<p>W\u00e4hlen Sie die Abmessungen und die St\u00e4rke aus den verf\u00fcgbaren Gr\u00f6\u00dfen, die Anzahl der Hobelungen, das Zubeh\u00f6r und die Individualisierung mit Ihrem Logo. Sie k\u00f6nnen auch eine HACCP-Zertifizierung zur Lebensmitteleignung erhalten.<\/p>","protected":false},"featured_media":2546,"comment_status":"closed","ping_status":"closed","template":"","meta":{"_monsterinsights_skip_tracking":false,"_monsterinsights_sitenote_active":false,"_monsterinsights_sitenote_note":"","_monsterinsights_sitenote_category":0,"_themeisle_gutenberg_block_has_review":false},"product_cat":[87,84],"product_tag":[],"class_list":{"0":"post-2545","1":"product","2":"type-product","3":"status-publish","4":"has-post-thumbnail","6":"product_cat-quadrato","7":"product_cat-standard","8":"tm-has-options","10":"first","11":"instock","12":"taxable","13":"shipping-taxable","14":"purchasable","15":"product-type-simple","16":"add-to-wishlist-after_add_to_cart"},"_links":{"self":[{"href":"https:\/\/ilmiotagliere.it\/de\/wp-json\/wp\/v2\/product\/2545","targetHints":{"allow":["GET"]}}],"collection":[{"href":"https:\/\/ilmiotagliere.it\/de\/wp-json\/wp\/v2\/product"}],"about":[{"href":"https:\/\/ilmiotagliere.it\/de\/wp-json\/wp\/v2\/types\/product"}],"replies":[{"embeddable":true,"href":"https:\/\/ilmiotagliere.it\/de\/wp-json\/wp\/v2\/comments?post=2545"}],"wp:featuredmedia":[{"embeddable":true,"href":"https:\/\/ilmiotagliere.it\/de\/wp-json\/wp\/v2\/media\/2546"}],"wp:attachment":[{"href":"https:\/\/ilmiotagliere.it\/de\/wp-json\/wp\/v2\/media?parent=2545"}],"wp:term":[{"taxonomy":"product_cat","embeddable":true,"href":"https:\/\/ilmiotagliere.it\/de\/wp-json\/wp\/v2\/product_cat?post=2545"},{"taxonomy":"product_tag","embeddable":true,"href":"https:\/\/ilmiotagliere.it\/de\/wp-json\/wp\/v2\/product_tag?post=2545"}],"curies":[{"name":"wp","href":"https:\/\/api.w.org\/{rel}","templated":true}]}}