{"id":2587,"date":"2024-10-01T15:44:08","date_gmt":"2024-10-01T13:44:08","guid":{"rendered":"https:\/\/ilmiotagliere.it\/?post_type=product&#038;p=2587"},"modified":"2024-12-11T17:21:44","modified_gmt":"2024-12-11T16:21:44","slug":"circolare-su-misura","status":"publish","type":"product","link":"https:\/\/ilmiotagliere.it\/de\/product\/circolare-su-misura\/","title":{"rendered":"Rundschreiben nach Ma\u00df"},"content":{"rendered":"","protected":false},"excerpt":{"rendered":"<p class=\"p1\">Das runde Schneidebrett erweist sich als eine interessante und vielseitige Wahl: W\u00e4hrend des Gebrauchs kann es gedreht werden, um die Lebensmittel nicht st\u00e4ndig zu bewegen, es eignet sich perfekt zum Schneiden und Servieren von Zubereitungen und runden Lebensmitteln wie Pizza, oder es kann einfach verwendet werden als Servierplatte zur Pr\u00e4sentation von Vorspeisen, Wurstwaren, K\u00e4se oder Brot. Die runde Form ist au\u00dferdem eleganter und \u00e4sthetisch ansprechender, sodass sie auch in der K\u00fcche offen gelassen werden kann.<\/p>\n<p class=\"p1\">Wir produzieren alle unsere Schneidebretter aus Polyethylen h\u00f6chster Qualit\u00e4t und entsprechen den HACCP-Vorschriften.<\/p>","protected":false},"featured_media":2567,"comment_status":"closed","ping_status":"closed","template":"","meta":{"_monsterinsights_skip_tracking":false,"_monsterinsights_sitenote_active":false,"_monsterinsights_sitenote_note":"","_monsterinsights_sitenote_category":0,"_themeisle_gutenberg_block_has_review":false},"product_cat":[91,85],"product_tag":[],"class_list":{"0":"post-2587","1":"product","2":"type-product","3":"status-publish","4":"has-post-thumbnail","6":"product_cat-circolare-su-misura","7":"product_cat-su-misura","8":"tm-has-options","10":"first","11":"instock","12":"taxable","13":"shipping-taxable","14":"purchasable","15":"product-type-simple","16":"add-to-wishlist-after_add_to_cart"},"_links":{"self":[{"href":"https:\/\/ilmiotagliere.it\/de\/wp-json\/wp\/v2\/product\/2587","targetHints":{"allow":["GET"]}}],"collection":[{"href":"https:\/\/ilmiotagliere.it\/de\/wp-json\/wp\/v2\/product"}],"about":[{"href":"https:\/\/ilmiotagliere.it\/de\/wp-json\/wp\/v2\/types\/product"}],"replies":[{"embeddable":true,"href":"https:\/\/ilmiotagliere.it\/de\/wp-json\/wp\/v2\/comments?post=2587"}],"wp:featuredmedia":[{"embeddable":true,"href":"https:\/\/ilmiotagliere.it\/de\/wp-json\/wp\/v2\/media\/2567"}],"wp:attachment":[{"href":"https:\/\/ilmiotagliere.it\/de\/wp-json\/wp\/v2\/media?parent=2587"}],"wp:term":[{"taxonomy":"product_cat","embeddable":true,"href":"https:\/\/ilmiotagliere.it\/de\/wp-json\/wp\/v2\/product_cat?post=2587"},{"taxonomy":"product_tag","embeddable":true,"href":"https:\/\/ilmiotagliere.it\/de\/wp-json\/wp\/v2\/product_tag?post=2587"}],"curies":[{"name":"wp","href":"https:\/\/api.w.org\/{rel}","templated":true}]}}