{"id":14561,"date":"2024-10-22T15:05:23","date_gmt":"2024-10-22T13:05:23","guid":{"rendered":"https:\/\/ilmiotagliere.it\/?page_id=14561"},"modified":"2024-11-06T16:15:46","modified_gmt":"2024-11-06T15:15:46","slug":"come-lavoriamo","status":"publish","type":"page","link":"https:\/\/ilmiotagliere.it\/fr\/come-lavoriamo\/","title":{"rendered":"Comment nous travaillons"},"content":{"rendered":"<div class=\"wpb-content-wrapper\"><div class=\"vc_row wpb_row vc_row-fluid row-about-1 vc_custom_1584694167124 vc_row-o-equal-height vc_row-flex\"><div class=\"wpb_column vc_column_container vc_col-sm-6\"><div class=\"vc_column-inner\"><div class=\"wpb_wrapper\"><h2 style=\"text-align: left\" class=\"vc_custom_heading vc_do_custom_heading\" >Comment nous travaillons<\/h2>\n\t<div class=\"wpb_text_column wpb_content_element\" >\n\t\t<div class=\"wpb_wrapper\">\n\t\t\t<h3 class=\"p1\">R\u00e9alisation et conception<\/h3>\n<p class=\"p2\">Le processus de production de toutes nos planches \u00e0 d\u00e9couper allie exp\u00e9rience artisanale et technologies de pointe : nous utilisons du poly\u00e9thyl\u00e8ne de la plus haute qualit\u00e9 et le travaillons directement dans notre entreprise, en utilisant des machines CNC et d'autres syst\u00e8mes de traitement qui nous permettent d'obtenir un produit d'excellente qualit\u00e9 et pr\u00e9cis dans chaque finition. Chaque phase de production est soigneusement surveill\u00e9e par notre personnel.<\/p>\n<h3 class=\"p1\">Mat\u00e9riaux de haute qualit\u00e9<\/h3>\n<p class=\"p2\">Le poly\u00e9thyl\u00e8ne utilis\u00e9 pour nos productions est de la plus haute qualit\u00e9 et certifi\u00e9 contact alimentaire selon la plus r\u00e9cente r\u00e9glementation europ\u00e9enne. Ce type de mat\u00e9riau est r\u00e9sistant aux chocs et aux coupures, facile \u00e0 nettoyer et \u00e0 entretenir et s\u00fbr, car il ne lib\u00e8re pas de produits chimiques nocifs et ne r\u00e9agit pas au contact des aliments. Elle n'absorbe pas les odeurs ni les substances d'aucune sorte, et apr\u00e8s plusieurs utilisations, gr\u00e2ce au fraisage, la planche \u00e0 d\u00e9couper peut revenir comme neuve. Le meilleur choix pour garantir la s\u00e9curit\u00e9 et l'hygi\u00e8ne dans la cuisine.<\/p>\n<h3 class=\"p1\">Personnalisation sur mesure<\/h3>\n<p class=\"p2\">Chaque cuisine est unique, tout comme les besoins de nos clients. Chacune de nos planches \u00e0 d\u00e9couper peut \u00eatre personnalis\u00e9e dans n'importe quelle forme, taille, \u00e9paisseur et surtout dans les d\u00e9tails, depuis les rainures et les pieds antid\u00e9rapants, jusqu'\u00e0 la gravure de votre logo, pour rendre la planche \u00e0 d\u00e9couper unique. Nous cr\u00e9ons la planche \u00e0 d\u00e9couper qui r\u00e9pond \u00e0 tous les besoins de nos clients, sans compromis.<\/p>\n\n\t\t<\/div>\n\t<\/div>\n<\/div><\/div><\/div><div class=\"wpb_column vc_column_container vc_col-sm-6\"><div class=\"vc_column-inner\"><div class=\"wpb_wrapper\">\n\t<div  class=\"wpb_single_image wpb_content_element vc_align_center wpb_content_element\">\n\t\t\n\t\t<figure class=\"wpb_wrapper vc_figure\">\n\t\t\t<div class=\"vc_single_image-wrapper   vc_box_border_grey\"><img loading=\"lazy\" decoding=\"async\" width=\"960\" height=\"820\" src=\"https:\/\/ilmiotagliere.it\/wp-content\/uploads\/2024\/10\/taglieri1.jpg\" class=\"vc_single_image-img attachment-full\" alt=\"\" title=\"\" srcset=\"https:\/\/ilmiotagliere.it\/wp-content\/uploads\/2024\/10\/taglieri1.jpg 960w, https:\/\/ilmiotagliere.it\/wp-content\/uploads\/2024\/10\/taglieri1-300x256.jpg 300w, https:\/\/ilmiotagliere.it\/wp-content\/uploads\/2024\/10\/taglieri1-768x656.jpg 768w, https:\/\/ilmiotagliere.it\/wp-content\/uploads\/2024\/10\/taglieri1-600x513.jpg 600w\" sizes=\"auto, (max-width: 960px) 100vw, 960px\" \/><\/div>\n\t\t<\/figure>\n\t<\/div>\n<\/div><\/div><\/div><\/div><div data-vc-full-width=\"true\" data-vc-full-width-init=\"false\" class=\"vc_row wpb_row vc_row-fluid row-about-2 vc_custom_1728486066398 vc_row-has-fill\"><div class=\"wpb_column vc_column_container vc_col-sm-6\"><div class=\"vc_column-inner\"><div class=\"wpb_wrapper\">\n\t<div class=\"wpb_text_column wpb_content_element vc_custom_1730906132039\" >\n\t\t<div class=\"wpb_wrapper\">\n\t\t\t<h3>Durabilit\u00e9 et responsabilit\u00e9<\/h3>\n<p class=\"p1\">Nous nous engageons \u00e0 r\u00e9duire l'impact environnemental : en plus d'\u00eatre tr\u00e8s r\u00e9sistant, le poly\u00e9thyl\u00e8ne est facilement r\u00e9cup\u00e9rable et recyclable, et nous permet d'\u00e9liminer les d\u00e9chets.<\/p>\n\n\t\t<\/div>\n\t<\/div>\n<\/div><\/div><\/div><div class=\"wpb_column vc_column_container vc_col-sm-6\"><div class=\"vc_column-inner\"><div class=\"wpb_wrapper\">\n\t<div class=\"wpb_text_column wpb_content_element vc_custom_1730906143983\" >\n\t\t<div class=\"wpb_wrapper\">\n\t\t\t<h3>Livraison et assistance<\/h3>\n<p class=\"p1\">Nous offrons un service de livraison s\u00fbr et tr\u00e8s court. L'\u00e9quipe Il Mio Tagliere apporte une assistance compl\u00e8te au client, de la phase de choix du produit jusqu'\u00e0 l'apr\u00e8s-vente.<\/p>\n\n\t\t<\/div>\n\t<\/div>\n<\/div><\/div><\/div><\/div><div class=\"vc_row-full-width vc_clearfix\"><\/div><div data-vc-full-width=\"true\" data-vc-full-width-init=\"false\" class=\"vc_row wpb_row vc_row-fluid row-about-2 vc_custom_1728486077121 vc_row-has-fill vc_row-o-equal-height vc_row-flex\"><div class=\"wpb_column vc_column_container vc_col-sm-12\"><div class=\"vc_column-inner\"><div class=\"wpb_wrapper\"><div class=\"vc_btn3-container vc_btn3-center vc_do_btn\" ><a class=\"vc_general vc_btn3 vc_btn3-size-md vc_btn3-shape-rounded vc_btn3-style-modern vc_btn3-color-blue\" href=\"https:\/\/ilmiotagliere.it\/fr\/taglieri-su-misura\/\" title=\"\">COMMANDEZ MAINTENANT<\/a><\/div><\/div><\/div><\/div><\/div><div class=\"vc_row-full-width vc_clearfix\"><\/div>\n<\/div>","protected":false},"excerpt":{"rendered":"Come lavoriamo Produzione e design Il processo produttivo di tutti i nostri taglieri combina l\u2019esperienza artigianale con le tecnologie d\u2019avanguardia: utilizziamo polietilene di altissima qualit\u00e0 e lo lavoriamo direttamente nella nostra azienda, utilizzando macchinari CNC e altri sistemi di lavorazione che permettono di ottenere un prodotto di eccellente qualit\u00e0 e","protected":false},"author":1,"featured_media":0,"parent":0,"menu_order":0,"comment_status":"closed","ping_status":"closed","template":"page-templates\/about-page.php","meta":{"_monsterinsights_skip_tracking":false,"_monsterinsights_sitenote_active":false,"_monsterinsights_sitenote_note":"","_monsterinsights_sitenote_category":0,"_themeisle_gutenberg_block_has_review":false,"footnotes":""},"class_list":["post-14561","page","type-page","status-publish","hentry"],"_links":{"self":[{"href":"https:\/\/ilmiotagliere.it\/fr\/wp-json\/wp\/v2\/pages\/14561","targetHints":{"allow":["GET"]}}],"collection":[{"href":"https:\/\/ilmiotagliere.it\/fr\/wp-json\/wp\/v2\/pages"}],"about":[{"href":"https:\/\/ilmiotagliere.it\/fr\/wp-json\/wp\/v2\/types\/page"}],"author":[{"embeddable":true,"href":"https:\/\/ilmiotagliere.it\/fr\/wp-json\/wp\/v2\/users\/1"}],"replies":[{"embeddable":true,"href":"https:\/\/ilmiotagliere.it\/fr\/wp-json\/wp\/v2\/comments?post=14561"}],"version-history":[{"count":9,"href":"https:\/\/ilmiotagliere.it\/fr\/wp-json\/wp\/v2\/pages\/14561\/revisions"}],"predecessor-version":[{"id":14591,"href":"https:\/\/ilmiotagliere.it\/fr\/wp-json\/wp\/v2\/pages\/14561\/revisions\/14591"}],"wp:attachment":[{"href":"https:\/\/ilmiotagliere.it\/fr\/wp-json\/wp\/v2\/media?parent=14561"}],"curies":[{"name":"wp","href":"https:\/\/api.w.org\/{rel}","templated":true}]}}